{"id":2,"date":"2008-08-26T11:43:13","date_gmt":"2008-08-26T09:43:13","guid":{"rendered":"http:\/\/erwan.mirou.free.fr\/blog\/?page_id=2"},"modified":"2015-07-24T15:27:37","modified_gmt":"2015-07-24T13:27:37","slug":"a-propos","status":"publish","type":"page","link":"https:\/\/erwanmirou.fr\/blog\/a-propos","title":{"rendered":"\u00c0 propos"},"content":{"rendered":"<p>Bienvenue sur mon blog, ouvert un peu par curiosit\u00e9 et par int\u00e9r\u00eat pour tout ce qui touche de pr\u00e8s ou de loin au net et aux moyens de communications modernes&#8230;<\/p>\n<p>Je suis \u00e9galement passionn\u00e9 d&rsquo;architecture et d&rsquo;imagerie 3D li\u00e9e \u00e0 ce domaine, ainsi que de photographie. Vous trouverez ici quelques unes de mes cr\u00e9ations&#8230;<\/p>\n","protected":false},"excerpt":{"rendered":"<p>Bienvenue sur mon blog, ouvert un peu par curiosit\u00e9 et par int\u00e9r\u00eat pour tout ce qui touche de pr\u00e8s ou de loin au net et aux moyens de communications modernes&#8230; Je suis \u00e9galement passionn\u00e9 d&rsquo;architecture et d&rsquo;imagerie 3D li\u00e9e \u00e0 ce domaine, ainsi que de photographie. Vous trouverez ici quelques unes de mes cr\u00e9ations&#8230;<\/p>\n","protected":false},"author":1,"featured_media":0,"parent":0,"menu_order":2,"comment_status":"closed","ping_status":"closed","template":"","meta":{"footnotes":""},"_links":{"self":[{"href":"https:\/\/erwanmirou.fr\/blog\/wp-json\/wp\/v2\/pages\/2"}],"collection":[{"href":"https:\/\/erwanmirou.fr\/blog\/wp-json\/wp\/v2\/pages"}],"about":[{"href":"https:\/\/erwanmirou.fr\/blog\/wp-json\/wp\/v2\/types\/page"}],"author":[{"embeddable":true,"href":"https:\/\/erwanmirou.fr\/blog\/wp-json\/wp\/v2\/users\/1"}],"replies":[{"embeddable":true,"href":"https:\/\/erwanmirou.fr\/blog\/wp-json\/wp\/v2\/comments?post=2"}],"version-history":[{"count":17,"href":"https:\/\/erwanmirou.fr\/blog\/wp-json\/wp\/v2\/pages\/2\/revisions"}],"predecessor-version":[{"id":1674,"href":"https:\/\/erwanmirou.fr\/blog\/wp-json\/wp\/v2\/pages\/2\/revisions\/1674"}],"wp:attachment":[{"href":"https:\/\/erwanmirou.fr\/blog\/wp-json\/wp\/v2\/media?parent=2"}],"curies":[{"name":"wp","href":"https:\/\/api.w.org\/{rel}","templated":true}]}}